{"id":226,"date":"2020-03-16T10:01:21","date_gmt":"2020-03-16T13:01:21","guid":{"rendered":"https:\/\/www.mtcenergy.com.br\/?page_id=226"},"modified":"2025-10-06T15:49:57","modified_gmt":"2025-10-06T18:49:57","slug":"global-soucing","status":"publish","type":"page","link":"https:\/\/mtcinternational.com.br\/eng\/global-soucing\/","title":{"rendered":"Global Sourcing"},"content":{"rendered":"\t\t<div data-elementor-type=\"wp-page\" data-elementor-id=\"226\" class=\"elementor elementor-226\" data-elementor-post-type=\"page\">\n\t\t\t\t\t\t<section class=\"elementor-section elementor-top-section elementor-element elementor-element-5ed4b22d elementor-section-height-min-height elementor-section-boxed elementor-section-height-default elementor-section-items-middle\" data-id=\"5ed4b22d\" data-element_type=\"section\" data-settings=\"{&quot;background_background&quot;:&quot;classic&quot;}\">\n\t\t\t\t\t\t\t<div class=\"elementor-background-overlay\"><\/div>\n\t\t\t\t\t\t\t<div class=\"elementor-container elementor-column-gap-default\">\n\t\t\t\t\t<div class=\"elementor-column elementor-col-100 elementor-top-column elementor-element elementor-element-6f6ab677 elementor-invisible\" data-id=\"6f6ab677\" data-element_type=\"column\" data-settings=\"{&quot;background_background&quot;:&quot;classic&quot;,&quot;animation&quot;:&quot;fadeInUp&quot;}\">\n\t\t\t<div class=\"elementor-widget-wrap elementor-element-populated\">\n\t\t\t\t\t<div class=\"elementor-background-overlay\"><\/div>\n\t\t\t\t\t\t<div class=\"elementor-element elementor-element-d6f0934 elementor-widget elementor-widget-heading\" data-id=\"d6f0934\" data-element_type=\"widget\" data-widget_type=\"heading.default\">\n\t\t\t\t<div class=\"elementor-widget-container\">\n\t\t\t\t\t<h2 class=\"elementor-heading-title elementor-size-default\">Strategic international purchasing<\/h2>\t\t\t\t<\/div>\n\t\t\t\t<\/div>\n\t\t\t\t<div class=\"elementor-element elementor-element-3619292d elementor-widget elementor-widget-text-editor\" data-id=\"3619292d\" data-element_type=\"widget\" data-widget_type=\"text-editor.default\">\n\t\t\t\t<div class=\"elementor-widget-container\">\n\t\t\t\t\t\t\t\t\t<p>MTC International assists you in your search for the ideal importing supplier, providing the best business agreements that balance price, quality and expertise according to your company\u2019s specific demands.<\/p>\t\t\t\t\t\t\t\t<\/div>\n\t\t\t\t<\/div>\n\t\t\t\t\t<\/div>\n\t\t<\/div>\n\t\t\t\t\t<\/div>\n\t\t<\/section>\n\t\t\t\t<section class=\"elementor-section elementor-top-section elementor-element elementor-element-9d7c84b elementor-section-boxed elementor-section-height-default elementor-section-height-default elementor-invisible\" data-id=\"9d7c84b\" data-element_type=\"section\" data-settings=\"{&quot;animation&quot;:&quot;fadeInUp&quot;,&quot;animation_tablet&quot;:&quot;none&quot;}\">\n\t\t\t\t\t\t<div class=\"elementor-container elementor-column-gap-default\">\n\t\t\t\t\t<div class=\"elementor-column elementor-col-33 elementor-top-column elementor-element elementor-element-6dfcd15\" data-id=\"6dfcd15\" data-element_type=\"column\" data-settings=\"{&quot;animation_tablet&quot;:&quot;none&quot;}\">\n\t\t\t<div class=\"elementor-widget-wrap elementor-element-populated\">\n\t\t\t\t\t\t<div class=\"elementor-element elementor-element-f23a29c elementor-widget elementor-widget-image\" data-id=\"f23a29c\" data-element_type=\"widget\" data-settings=\"{&quot;_animation&quot;:&quot;none&quot;,&quot;_animation_tablet&quot;:&quot;fadeInUp&quot;}\" data-widget_type=\"image.default\">\n\t\t\t\t<div class=\"elementor-widget-container\">\n\t\t\t\t\t\t\t\t\t\t\t\t\t\t\t<img fetchpriority=\"high\" decoding=\"async\" width=\"400\" height=\"400\" src=\"https:\/\/mtcinternational.com.br\/eng\/wp-content\/uploads\/2020\/07\/global-sourcing2.jpg\" class=\"attachment-large size-large wp-image-994\" alt=\"\" srcset=\"https:\/\/mtcinternational.com.br\/eng\/wp-content\/uploads\/2020\/07\/global-sourcing2.jpg 400w, https:\/\/mtcinternational.com.br\/eng\/wp-content\/uploads\/2020\/07\/global-sourcing2-300x300.jpg 300w, https:\/\/mtcinternational.com.br\/eng\/wp-content\/uploads\/2020\/07\/global-sourcing2-150x150.jpg 150w\" sizes=\"(max-width: 400px) 100vw, 400px\" \/>\t\t\t\t\t\t\t\t\t\t\t\t\t\t\t<\/div>\n\t\t\t\t<\/div>\n\t\t\t\t\t<\/div>\n\t\t<\/div>\n\t\t\t\t<div class=\"elementor-column elementor-col-66 elementor-top-column elementor-element elementor-element-e6a7ec2\" data-id=\"e6a7ec2\" data-element_type=\"column\" data-settings=\"{&quot;animation_tablet&quot;:&quot;none&quot;}\">\n\t\t\t<div class=\"elementor-widget-wrap elementor-element-populated\">\n\t\t\t\t\t\t<div class=\"elementor-element elementor-element-f8f5229 elementor-widget elementor-widget-text-editor\" data-id=\"f8f5229\" data-element_type=\"widget\" data-settings=\"{&quot;_animation&quot;:&quot;none&quot;,&quot;_animation_tablet&quot;:&quot;fadeInUp&quot;,&quot;_animation_mobile&quot;:&quot;none&quot;}\" data-widget_type=\"text-editor.default\">\n\t\t\t\t<div class=\"elementor-widget-container\">\n\t\t\t\t\t\t\t\t\t<p>We are aware of the many challenges of importing procedures and the difficulty in finding the<br \/>best suppliers for goods and services that best match your company. With our wide range of<br \/>global strategic partners, MTC International not only identifies the ideal supplier for your<br \/>business, but also develops and implements efficient operation processes, reducing costs and<br \/>increasing the quality of the assistance provided.<\/p>\t\t\t\t\t\t\t\t<\/div>\n\t\t\t\t<\/div>\n\t\t\t\t<div class=\"elementor-element elementor-element-fd35e3d elementor-widget elementor-widget-heading\" data-id=\"fd35e3d\" data-element_type=\"widget\" data-widget_type=\"heading.default\">\n\t\t\t\t<div class=\"elementor-widget-container\">\n\t\t\t\t\t<h2 class=\"elementor-heading-title elementor-size-default\">Benefits<\/h2>\t\t\t\t<\/div>\n\t\t\t\t<\/div>\n\t\t\t\t<div class=\"elementor-element elementor-element-5c4e0b7 elementor-position-left elementor-vertical-align-middle elementor-widget elementor-widget-image-box\" data-id=\"5c4e0b7\" data-element_type=\"widget\" data-settings=\"{&quot;_animation&quot;:&quot;none&quot;}\" data-widget_type=\"image-box.default\">\n\t\t\t\t<div class=\"elementor-widget-container\">\n\t\t\t\t\t<div class=\"elementor-image-box-wrapper\"><figure class=\"elementor-image-box-img\"><img decoding=\"async\" width=\"80\" height=\"80\" src=\"https:\/\/mtcinternational.com.br\/eng\/wp-content\/uploads\/2020\/07\/global-sourcing-icon.png\" class=\"attachment-full size-full wp-image-996\" alt=\"\" \/><\/figure><div class=\"elementor-image-box-content\"><p class=\"elementor-image-box-description\">Development and homologation of products and processes on the international\nmarket, allowing our clients to focus on their core business;\n<\/p><\/div><\/div>\t\t\t\t<\/div>\n\t\t\t\t<\/div>\n\t\t\t\t<div class=\"elementor-element elementor-element-259a197 elementor-position-left elementor-vertical-align-middle elementor-widget elementor-widget-image-box\" data-id=\"259a197\" data-element_type=\"widget\" data-settings=\"{&quot;_animation&quot;:&quot;none&quot;}\" data-widget_type=\"image-box.default\">\n\t\t\t\t<div class=\"elementor-widget-container\">\n\t\t\t\t\t<div class=\"elementor-image-box-wrapper\"><figure class=\"elementor-image-box-img\"><img decoding=\"async\" width=\"80\" height=\"80\" src=\"https:\/\/mtcinternational.com.br\/eng\/wp-content\/uploads\/2020\/07\/global-sourcing-icon2.png\" class=\"attachment-full size-full wp-image-998\" alt=\"\" \/><\/figure><div class=\"elementor-image-box-content\"><p class=\"elementor-image-box-description\">Significant cost reductions in materials and supplies, generating greater\ncompetitiveness for your business;\n<\/p><\/div><\/div>\t\t\t\t<\/div>\n\t\t\t\t<\/div>\n\t\t\t\t<div class=\"elementor-element elementor-element-ce5459d elementor-position-left elementor-vertical-align-middle elementor-widget elementor-widget-image-box\" data-id=\"ce5459d\" data-element_type=\"widget\" data-settings=\"{&quot;_animation&quot;:&quot;none&quot;}\" data-widget_type=\"image-box.default\">\n\t\t\t\t<div class=\"elementor-widget-container\">\n\t\t\t\t\t<div class=\"elementor-image-box-wrapper\"><figure class=\"elementor-image-box-img\"><img loading=\"lazy\" decoding=\"async\" width=\"80\" height=\"80\" src=\"https:\/\/mtcinternational.com.br\/eng\/wp-content\/uploads\/2020\/07\/global-sourcing-icon3.png\" class=\"attachment-full size-full wp-image-1001\" alt=\"\" \/><\/figure><div class=\"elementor-image-box-content\"><p class=\"elementor-image-box-description\">Increasing business capacity for companies;<\/p><\/div><\/div>\t\t\t\t<\/div>\n\t\t\t\t<\/div>\n\t\t\t\t<div class=\"elementor-element elementor-element-95f5fd8 elementor-position-left elementor-vertical-align-middle elementor-widget elementor-widget-image-box\" data-id=\"95f5fd8\" data-element_type=\"widget\" data-settings=\"{&quot;_animation&quot;:&quot;none&quot;}\" data-widget_type=\"image-box.default\">\n\t\t\t\t<div class=\"elementor-widget-container\">\n\t\t\t\t\t<div class=\"elementor-image-box-wrapper\"><figure class=\"elementor-image-box-img\"><img loading=\"lazy\" decoding=\"async\" width=\"80\" height=\"80\" src=\"https:\/\/mtcinternational.com.br\/eng\/wp-content\/uploads\/2020\/07\/global-sourcing-icon4.png\" class=\"attachment-full size-full wp-image-1004\" alt=\"\" \/><\/figure><div class=\"elementor-image-box-content\"><p class=\"elementor-image-box-description\">Reduced costs for specific workforce, training and travel;<\/p><\/div><\/div>\t\t\t\t<\/div>\n\t\t\t\t<\/div>\n\t\t\t\t<div class=\"elementor-element elementor-element-16f2ebe elementor-position-left elementor-vertical-align-middle elementor-widget elementor-widget-image-box\" data-id=\"16f2ebe\" data-element_type=\"widget\" data-settings=\"{&quot;_animation&quot;:&quot;none&quot;}\" data-widget_type=\"image-box.default\">\n\t\t\t\t<div class=\"elementor-widget-container\">\n\t\t\t\t\t<div class=\"elementor-image-box-wrapper\"><figure class=\"elementor-image-box-img\"><img loading=\"lazy\" decoding=\"async\" width=\"80\" height=\"80\" src=\"https:\/\/mtcinternational.com.br\/eng\/wp-content\/uploads\/2020\/07\/global-sourcing-icon5.png\" class=\"attachment-full size-full wp-image-1006\" alt=\"\" \/><\/figure><div class=\"elementor-image-box-content\"><p class=\"elementor-image-box-description\">Development of operations on behalf and as ordered by and on demand with tax\nbenefits and tax reductions.<\/p><\/div><\/div>\t\t\t\t<\/div>\n\t\t\t\t<\/div>\n\t\t\t\t\t<\/div>\n\t\t<\/div>\n\t\t\t\t\t<\/div>\n\t\t<\/section>\n\t\t\t\t<\/div>\n\t\t","protected":false},"excerpt":{"rendered":"<p>Strategic international purchasing MTC International assists you in your search for the ideal importing supplier, providing the best business agreements that balance price, quality and expertise according to your company\u2019s specific demands. We are aware of the many challenges of importing procedures and the difficulty in finding thebest suppliers for goods and services that best [&hellip;]<\/p>\n","protected":false},"author":7,"featured_media":0,"parent":0,"menu_order":0,"comment_status":"closed","ping_status":"closed","template":"","meta":{"footnotes":""},"class_list":["post-226","page","type-page","status-publish","hentry"],"yoast_head":"<!-- This site is optimized with the Yoast SEO plugin v26.0 - https:\/\/yoast.com\/wordpress\/plugins\/seo\/ -->\n<title>Global Soucing - Compras Internacionais - MTC International<\/title>\n<meta name=\"description\" content=\"Auxiliamos na busca pelo fornecedor ideal para importa\u00e7\u00e3o. Focamos nas melhores negocia\u00e7\u00f5es que combinem pre\u00e7o, qualidade e compet\u00eancia.\" \/>\n<meta name=\"robots\" content=\"index, follow, max-snippet:-1, max-image-preview:large, max-video-preview:-1\" \/>\n<link rel=\"canonical\" href=\"https:\/\/mtcinternational.com.br\/eng\/global-soucing\/\" \/>\n<meta property=\"og:locale\" content=\"pt_BR\" \/>\n<meta property=\"og:type\" content=\"article\" \/>\n<meta property=\"og:title\" content=\"Global Soucing - Compras Internacionais - MTC International\" \/>\n<meta property=\"og:description\" content=\"Auxiliamos na busca pelo fornecedor ideal para importa\u00e7\u00e3o. Focamos nas melhores negocia\u00e7\u00f5es que combinem pre\u00e7o, qualidade e compet\u00eancia.\" \/>\n<meta property=\"og:url\" content=\"https:\/\/mtcinternational.com.br\/eng\/global-soucing\/\" \/>\n<meta property=\"og:site_name\" content=\"MTC International\" \/>\n<meta property=\"article:modified_time\" content=\"2025-10-06T18:49:57+00:00\" \/>\n<meta property=\"og:image\" content=\"https:\/\/mtcinternational.com.br\/eng\/wp-content\/uploads\/2020\/07\/global-sourcing2.jpg\" \/>\n\t<meta property=\"og:image:width\" content=\"400\" \/>\n\t<meta property=\"og:image:height\" content=\"400\" \/>\n\t<meta property=\"og:image:type\" content=\"image\/jpeg\" \/>\n<meta name=\"twitter:card\" content=\"summary_large_image\" \/>\n<meta name=\"twitter:label1\" content=\"Est. tempo de leitura\" \/>\n\t<meta name=\"twitter:data1\" content=\"3 minutos\" \/>\n<script type=\"application\/ld+json\" class=\"yoast-schema-graph\">{\"@context\":\"https:\/\/schema.org\",\"@graph\":[{\"@type\":\"WebPage\",\"@id\":\"https:\/\/mtcinternational.com.br\/eng\/global-soucing\/\",\"url\":\"https:\/\/mtcinternational.com.br\/eng\/global-soucing\/\",\"name\":\"Global Soucing - Compras Internacionais - MTC International\",\"isPartOf\":{\"@id\":\"https:\/\/mtcinternational.com.br\/eng\/#website\"},\"primaryImageOfPage\":{\"@id\":\"https:\/\/mtcinternational.com.br\/eng\/global-soucing\/#primaryimage\"},\"image\":{\"@id\":\"https:\/\/mtcinternational.com.br\/eng\/global-soucing\/#primaryimage\"},\"thumbnailUrl\":\"https:\/\/mtcinternational.com.br\/eng\/wp-content\/uploads\/2020\/07\/global-sourcing2.jpg\",\"datePublished\":\"2020-03-16T13:01:21+00:00\",\"dateModified\":\"2025-10-06T18:49:57+00:00\",\"description\":\"Auxiliamos na busca pelo fornecedor ideal para importa\u00e7\u00e3o. Focamos nas melhores negocia\u00e7\u00f5es que combinem pre\u00e7o, qualidade e compet\u00eancia.\",\"breadcrumb\":{\"@id\":\"https:\/\/mtcinternational.com.br\/eng\/global-soucing\/#breadcrumb\"},\"inLanguage\":\"pt-BR\",\"potentialAction\":[{\"@type\":\"ReadAction\",\"target\":[\"https:\/\/mtcinternational.com.br\/eng\/global-soucing\/\"]}]},{\"@type\":\"ImageObject\",\"inLanguage\":\"pt-BR\",\"@id\":\"https:\/\/mtcinternational.com.br\/eng\/global-soucing\/#primaryimage\",\"url\":\"https:\/\/mtcinternational.com.br\/eng\/wp-content\/uploads\/2020\/07\/global-sourcing2.jpg\",\"contentUrl\":\"https:\/\/mtcinternational.com.br\/eng\/wp-content\/uploads\/2020\/07\/global-sourcing2.jpg\",\"width\":400,\"height\":400},{\"@type\":\"BreadcrumbList\",\"@id\":\"https:\/\/mtcinternational.com.br\/eng\/global-soucing\/#breadcrumb\",\"itemListElement\":[{\"@type\":\"ListItem\",\"position\":1,\"name\":\"In\u00edcio\",\"item\":\"https:\/\/mtcinternational.com.br\/eng\/\"},{\"@type\":\"ListItem\",\"position\":2,\"name\":\"Global Sourcing\"}]},{\"@type\":\"WebSite\",\"@id\":\"https:\/\/mtcinternational.com.br\/eng\/#website\",\"url\":\"https:\/\/mtcinternational.com.br\/eng\/\",\"name\":\"MTC International\",\"description\":\"Desenvolvimento de neg\u00f3cios e Supply Chain internacional.\",\"publisher\":{\"@id\":\"https:\/\/mtcinternational.com.br\/eng\/#organization\"},\"potentialAction\":[{\"@type\":\"SearchAction\",\"target\":{\"@type\":\"EntryPoint\",\"urlTemplate\":\"https:\/\/mtcinternational.com.br\/eng\/?s={search_term_string}\"},\"query-input\":{\"@type\":\"PropertyValueSpecification\",\"valueRequired\":true,\"valueName\":\"search_term_string\"}}],\"inLanguage\":\"pt-BR\"},{\"@type\":\"Organization\",\"@id\":\"https:\/\/mtcinternational.com.br\/eng\/#organization\",\"name\":\"MTC International\",\"url\":\"https:\/\/mtcinternational.com.br\/eng\/\",\"logo\":{\"@type\":\"ImageObject\",\"inLanguage\":\"pt-BR\",\"@id\":\"https:\/\/mtcinternational.com.br\/eng\/#\/schema\/logo\/image\/\",\"url\":\"https:\/\/mtcinternational.com.br\/eng\/wp-content\/uploads\/2020\/07\/cropped-logo-mtc-international.png\",\"contentUrl\":\"https:\/\/mtcinternational.com.br\/eng\/wp-content\/uploads\/2020\/07\/cropped-logo-mtc-international.png\",\"width\":300,\"height\":99,\"caption\":\"MTC International\"},\"image\":{\"@id\":\"https:\/\/mtcinternational.com.br\/eng\/#\/schema\/logo\/image\/\"}}]}<\/script>\n<!-- \/ Yoast SEO plugin. -->","yoast_head_json":{"title":"Global Soucing - Compras Internacionais - MTC International","description":"Auxiliamos na busca pelo fornecedor ideal para importa\u00e7\u00e3o. Focamos nas melhores negocia\u00e7\u00f5es que combinem pre\u00e7o, qualidade e compet\u00eancia.","robots":{"index":"index","follow":"follow","max-snippet":"max-snippet:-1","max-image-preview":"max-image-preview:large","max-video-preview":"max-video-preview:-1"},"canonical":"https:\/\/mtcinternational.com.br\/eng\/global-soucing\/","og_locale":"pt_BR","og_type":"article","og_title":"Global Soucing - Compras Internacionais - MTC International","og_description":"Auxiliamos na busca pelo fornecedor ideal para importa\u00e7\u00e3o. Focamos nas melhores negocia\u00e7\u00f5es que combinem pre\u00e7o, qualidade e compet\u00eancia.","og_url":"https:\/\/mtcinternational.com.br\/eng\/global-soucing\/","og_site_name":"MTC International","article_modified_time":"2025-10-06T18:49:57+00:00","og_image":[{"width":400,"height":400,"url":"https:\/\/mtcinternational.com.br\/eng\/wp-content\/uploads\/2020\/07\/global-sourcing2.jpg","type":"image\/jpeg"}],"twitter_card":"summary_large_image","twitter_misc":{"Est. tempo de leitura":"3 minutos"},"schema":{"@context":"https:\/\/schema.org","@graph":[{"@type":"WebPage","@id":"https:\/\/mtcinternational.com.br\/eng\/global-soucing\/","url":"https:\/\/mtcinternational.com.br\/eng\/global-soucing\/","name":"Global Soucing - Compras Internacionais - MTC International","isPartOf":{"@id":"https:\/\/mtcinternational.com.br\/eng\/#website"},"primaryImageOfPage":{"@id":"https:\/\/mtcinternational.com.br\/eng\/global-soucing\/#primaryimage"},"image":{"@id":"https:\/\/mtcinternational.com.br\/eng\/global-soucing\/#primaryimage"},"thumbnailUrl":"https:\/\/mtcinternational.com.br\/eng\/wp-content\/uploads\/2020\/07\/global-sourcing2.jpg","datePublished":"2020-03-16T13:01:21+00:00","dateModified":"2025-10-06T18:49:57+00:00","description":"Auxiliamos na busca pelo fornecedor ideal para importa\u00e7\u00e3o. Focamos nas melhores negocia\u00e7\u00f5es que combinem pre\u00e7o, qualidade e compet\u00eancia.","breadcrumb":{"@id":"https:\/\/mtcinternational.com.br\/eng\/global-soucing\/#breadcrumb"},"inLanguage":"pt-BR","potentialAction":[{"@type":"ReadAction","target":["https:\/\/mtcinternational.com.br\/eng\/global-soucing\/"]}]},{"@type":"ImageObject","inLanguage":"pt-BR","@id":"https:\/\/mtcinternational.com.br\/eng\/global-soucing\/#primaryimage","url":"https:\/\/mtcinternational.com.br\/eng\/wp-content\/uploads\/2020\/07\/global-sourcing2.jpg","contentUrl":"https:\/\/mtcinternational.com.br\/eng\/wp-content\/uploads\/2020\/07\/global-sourcing2.jpg","width":400,"height":400},{"@type":"BreadcrumbList","@id":"https:\/\/mtcinternational.com.br\/eng\/global-soucing\/#breadcrumb","itemListElement":[{"@type":"ListItem","position":1,"name":"In\u00edcio","item":"https:\/\/mtcinternational.com.br\/eng\/"},{"@type":"ListItem","position":2,"name":"Global Sourcing"}]},{"@type":"WebSite","@id":"https:\/\/mtcinternational.com.br\/eng\/#website","url":"https:\/\/mtcinternational.com.br\/eng\/","name":"MTC International","description":"Desenvolvimento de neg\u00f3cios e Supply Chain internacional.","publisher":{"@id":"https:\/\/mtcinternational.com.br\/eng\/#organization"},"potentialAction":[{"@type":"SearchAction","target":{"@type":"EntryPoint","urlTemplate":"https:\/\/mtcinternational.com.br\/eng\/?s={search_term_string}"},"query-input":{"@type":"PropertyValueSpecification","valueRequired":true,"valueName":"search_term_string"}}],"inLanguage":"pt-BR"},{"@type":"Organization","@id":"https:\/\/mtcinternational.com.br\/eng\/#organization","name":"MTC International","url":"https:\/\/mtcinternational.com.br\/eng\/","logo":{"@type":"ImageObject","inLanguage":"pt-BR","@id":"https:\/\/mtcinternational.com.br\/eng\/#\/schema\/logo\/image\/","url":"https:\/\/mtcinternational.com.br\/eng\/wp-content\/uploads\/2020\/07\/cropped-logo-mtc-international.png","contentUrl":"https:\/\/mtcinternational.com.br\/eng\/wp-content\/uploads\/2020\/07\/cropped-logo-mtc-international.png","width":300,"height":99,"caption":"MTC International"},"image":{"@id":"https:\/\/mtcinternational.com.br\/eng\/#\/schema\/logo\/image\/"}}]}},"_links":{"self":[{"href":"https:\/\/mtcinternational.com.br\/eng\/wp-json\/wp\/v2\/pages\/226","targetHints":{"allow":["GET"]}}],"collection":[{"href":"https:\/\/mtcinternational.com.br\/eng\/wp-json\/wp\/v2\/pages"}],"about":[{"href":"https:\/\/mtcinternational.com.br\/eng\/wp-json\/wp\/v2\/types\/page"}],"author":[{"embeddable":true,"href":"https:\/\/mtcinternational.com.br\/eng\/wp-json\/wp\/v2\/users\/7"}],"replies":[{"embeddable":true,"href":"https:\/\/mtcinternational.com.br\/eng\/wp-json\/wp\/v2\/comments?post=226"}],"version-history":[{"count":64,"href":"https:\/\/mtcinternational.com.br\/eng\/wp-json\/wp\/v2\/pages\/226\/revisions"}],"predecessor-version":[{"id":1266,"href":"https:\/\/mtcinternational.com.br\/eng\/wp-json\/wp\/v2\/pages\/226\/revisions\/1266"}],"wp:attachment":[{"href":"https:\/\/mtcinternational.com.br\/eng\/wp-json\/wp\/v2\/media?parent=226"}],"curies":[{"name":"wp","href":"https:\/\/api.w.org\/{rel}","templated":true}]}}