{"id":183,"date":"2020-03-13T18:19:55","date_gmt":"2020-03-13T21:19:55","guid":{"rendered":"https:\/\/www.mtcenergy.com.br\/?page_id=183"},"modified":"2025-09-26T15:18:43","modified_gmt":"2025-09-26T18:18:43","slug":"contact","status":"publish","type":"page","link":"https:\/\/mtcinternational.com.br\/eng\/contact\/","title":{"rendered":"Contact"},"content":{"rendered":"\t\t<div data-elementor-type=\"wp-page\" data-elementor-id=\"183\" class=\"elementor elementor-183\" data-elementor-post-type=\"page\">\n\t\t\t\t\t\t<section class=\"elementor-section elementor-top-section elementor-element elementor-element-0b7fe70 elementor-section-boxed elementor-section-height-default elementor-section-height-default\" data-id=\"0b7fe70\" data-element_type=\"section\">\n\t\t\t\t\t\t<div class=\"elementor-container elementor-column-gap-default\">\n\t\t\t\t\t<div class=\"elementor-column elementor-col-66 elementor-top-column elementor-element elementor-element-b6d9809\" data-id=\"b6d9809\" data-element_type=\"column\">\n\t\t\t<div class=\"elementor-widget-wrap elementor-element-populated\">\n\t\t\t\t\t\t<div class=\"elementor-element elementor-element-b00e4de elementor-invisible elementor-widget elementor-widget-heading\" data-id=\"b00e4de\" data-element_type=\"widget\" data-settings=\"{&quot;_animation&quot;:&quot;fadeInLeft&quot;}\" data-widget_type=\"heading.default\">\n\t\t\t\t<div class=\"elementor-widget-container\">\n\t\t\t\t\t<h2 class=\"elementor-heading-title elementor-size-default\">Contact us and find out more about our services.<\/h2>\t\t\t\t<\/div>\n\t\t\t\t<\/div>\n\t\t\t\t\t<\/div>\n\t\t<\/div>\n\t\t\t\t<div class=\"elementor-column elementor-col-33 elementor-top-column elementor-element elementor-element-f3ee6e2\" data-id=\"f3ee6e2\" data-element_type=\"column\">\n\t\t\t<div class=\"elementor-widget-wrap elementor-element-populated\">\n\t\t\t\t\t\t<div class=\"elementor-element elementor-element-f530f95 elementor-hidden-phone elementor-widget elementor-widget-image\" data-id=\"f530f95\" data-element_type=\"widget\" data-widget_type=\"image.default\">\n\t\t\t\t<div class=\"elementor-widget-container\">\n\t\t\t\t\t\t\t\t\t\t\t\t\t\t\t<img decoding=\"async\" width=\"125\" height=\"125\" src=\"https:\/\/mtcinternational.com.br\/eng\/wp-content\/uploads\/2020\/07\/contato-textura2.png\" class=\"attachment-large size-large wp-image-949\" alt=\"\" \/>\t\t\t\t\t\t\t\t\t\t\t\t\t\t\t<\/div>\n\t\t\t\t<\/div>\n\t\t\t\t\t<\/div>\n\t\t<\/div>\n\t\t\t\t\t<\/div>\n\t\t<\/section>\n\t\t\t\t<section class=\"elementor-section elementor-top-section elementor-element elementor-element-75557e3 elementor-section-boxed elementor-section-height-default elementor-section-height-default\" data-id=\"75557e3\" data-element_type=\"section\" data-settings=\"{&quot;animation&quot;:&quot;none&quot;}\">\n\t\t\t\t\t\t<div class=\"elementor-container elementor-column-gap-default\">\n\t\t\t\t\t<div class=\"elementor-column elementor-col-33 elementor-top-column elementor-element elementor-element-cfc4104\" data-id=\"cfc4104\" data-element_type=\"column\">\n\t\t\t<div class=\"elementor-widget-wrap elementor-element-populated\">\n\t\t\t\t\t\t<div class=\"elementor-element elementor-element-25a5a0b elementor-invisible elementor-widget elementor-widget-text-editor\" data-id=\"25a5a0b\" data-element_type=\"widget\" data-settings=\"{&quot;_animation&quot;:&quot;fadeInLeft&quot;}\" data-widget_type=\"text-editor.default\">\n\t\t\t\t<div class=\"elementor-widget-container\">\n\t\t\t\t\t\t\t\t\t<p>+55 (11) 4810-1174 <br \/>contato@mtcinternational.com.br<\/p>\n<p>Jos\u00e9 Martins Fernandes 601, Street, <br \/>CL Imigrantes . Galp\u00e3o 15,16,17 e 18 <br \/>S\u00e3o Bernardo do Campo\u00a0 . SP<br \/>CEP: 09843-400<\/p>\t\t\t\t\t\t\t\t<\/div>\n\t\t\t\t<\/div>\n\t\t\t\t\t<\/div>\n\t\t<\/div>\n\t\t\t\t<div class=\"elementor-column elementor-col-66 elementor-top-column elementor-element elementor-element-9c64889 elementor-invisible\" data-id=\"9c64889\" data-element_type=\"column\" data-settings=\"{&quot;animation&quot;:&quot;fadeInRight&quot;}\">\n\t\t\t<div class=\"elementor-widget-wrap elementor-element-populated\">\n\t\t\t\t\t\t<div class=\"elementor-element elementor-element-91949d6 elementor-button-align-end elementor-widget elementor-widget-form\" data-id=\"91949d6\" data-element_type=\"widget\" data-settings=\"{&quot;step_next_label&quot;:&quot;Next&quot;,&quot;step_previous_label&quot;:&quot;Previous&quot;,&quot;button_width&quot;:&quot;100&quot;,&quot;step_type&quot;:&quot;number_text&quot;,&quot;step_icon_shape&quot;:&quot;circle&quot;}\" data-widget_type=\"form.default\">\n\t\t\t\t<div class=\"elementor-widget-container\">\n\t\t\t\t\t\t\t<form class=\"elementor-form\" method=\"post\" name=\"New Form\">\n\t\t\t<input type=\"hidden\" name=\"post_id\" value=\"183\"\/>\n\t\t\t<input type=\"hidden\" name=\"form_id\" value=\"91949d6\"\/>\n\t\t\t<input type=\"hidden\" name=\"referer_title\" value=\"Contact - MTC International\" \/>\n\n\t\t\t\t\t\t\t<input type=\"hidden\" name=\"queried_id\" value=\"183\"\/>\n\t\t\t\n\t\t\t<div class=\"elementor-form-fields-wrapper elementor-labels-\">\n\t\t\t\t\t\t\t\t<div class=\"elementor-field-type-text elementor-field-group elementor-column elementor-field-group-name elementor-col-100\">\n\t\t\t\t\t\t\t\t\t\t\t\t<label for=\"form-field-name\" class=\"elementor-field-label elementor-screen-only\">\n\t\t\t\t\t\t\t\tNome\t\t\t\t\t\t\t<\/label>\n\t\t\t\t\t\t\t\t\t\t\t\t\t\t<input size=\"1\" type=\"text\" name=\"form_fields[name]\" id=\"form-field-name\" class=\"elementor-field elementor-size-sm  elementor-field-textual\" placeholder=\"Name\">\n\t\t\t\t\t\t\t\t\t\t\t<\/div>\n\t\t\t\t\t\t\t\t<div class=\"elementor-field-type-email elementor-field-group elementor-column elementor-field-group-email elementor-col-50 elementor-field-required\">\n\t\t\t\t\t\t\t\t\t\t\t\t<label for=\"form-field-email\" class=\"elementor-field-label elementor-screen-only\">\n\t\t\t\t\t\t\t\tEmail\t\t\t\t\t\t\t<\/label>\n\t\t\t\t\t\t\t\t\t\t\t\t\t\t<input size=\"1\" type=\"email\" name=\"form_fields[email]\" id=\"form-field-email\" class=\"elementor-field elementor-size-sm  elementor-field-textual\" placeholder=\"E-mail\" required=\"required\">\n\t\t\t\t\t\t\t\t\t\t\t<\/div>\n\t\t\t\t\t\t\t\t<div class=\"elementor-field-type-tel elementor-field-group elementor-column elementor-field-group-field_1 elementor-col-50\">\n\t\t\t\t\t\t\t\t\t\t\t\t<label for=\"form-field-field_1\" class=\"elementor-field-label elementor-screen-only\">\n\t\t\t\t\t\t\t\tTelefone\t\t\t\t\t\t\t<\/label>\n\t\t\t\t\t\t\t\t<input size=\"1\" type=\"tel\" name=\"form_fields[field_1]\" id=\"form-field-field_1\" class=\"elementor-field elementor-size-sm  elementor-field-textual\" placeholder=\"Phone Number\" pattern=\"[0-9()#&amp;+*-=.]+\" title=\"Only numbers and phone characters (#, -, *, etc) are accepted.\">\n\n\t\t\t\t\t\t<\/div>\n\t\t\t\t\t\t\t\t<div class=\"elementor-field-type-textarea elementor-field-group elementor-column elementor-field-group-message elementor-col-100\">\n\t\t\t\t\t\t\t\t\t\t\t\t<label for=\"form-field-message\" class=\"elementor-field-label elementor-screen-only\">\n\t\t\t\t\t\t\t\tMensagem\t\t\t\t\t\t\t<\/label>\n\t\t\t\t\t\t<textarea class=\"elementor-field-textual elementor-field  elementor-size-sm\" name=\"form_fields[message]\" id=\"form-field-message\" rows=\"4\" placeholder=\"Message\"><\/textarea>\t\t\t\t<\/div>\n\t\t\t\t\t\t\t\t<div class=\"elementor-field-group elementor-column elementor-field-type-submit elementor-col-100 e-form__buttons\">\n\t\t\t\t\t<button class=\"elementor-button elementor-size-sm\" type=\"submit\">\n\t\t\t\t\t\t<span class=\"elementor-button-content-wrapper\">\n\t\t\t\t\t\t\t\t\t\t\t\t\t\t\t<span class=\"elementor-button-icon\">\n\t\t\t\t\t\t\t\t\t<i aria-hidden=\"true\" class=\"fas fa-angle-right\"><\/i>\t\t\t\t\t\t\t\t\t\t\t\t\t\t\t\t\t<\/span>\n\t\t\t\t\t\t\t\t\t\t\t\t\t\t\t\t\t\t\t\t\t\t<span class=\"elementor-button-text\">send<\/span>\n\t\t\t\t\t\t\t\t\t\t\t\t\t<\/span>\n\t\t\t\t\t<\/button>\n\t\t\t\t<\/div>\n\t\t\t<\/div>\n\t\t<\/form>\n\t\t\t\t\t\t<\/div>\n\t\t\t\t<\/div>\n\t\t\t\t\t<\/div>\n\t\t<\/div>\n\t\t\t\t\t<\/div>\n\t\t<\/section>\n\t\t\t\t<section class=\"elementor-section elementor-top-section elementor-element elementor-element-9acf073 elementor-section-boxed elementor-section-height-default elementor-section-height-default\" data-id=\"9acf073\" data-element_type=\"section\">\n\t\t\t\t\t\t<div class=\"elementor-container elementor-column-gap-default\">\n\t\t\t\t\t<div class=\"elementor-column elementor-col-100 elementor-top-column elementor-element elementor-element-e8e16d7\" data-id=\"e8e16d7\" data-element_type=\"column\" data-settings=\"{&quot;background_background&quot;:&quot;classic&quot;}\">\n\t\t\t<div class=\"elementor-widget-wrap elementor-element-populated\">\n\t\t\t\t\t\t<div class=\"elementor-element elementor-element-a6ea17a elementor-widget elementor-widget-google_maps\" data-id=\"a6ea17a\" data-element_type=\"widget\" data-widget_type=\"google_maps.default\">\n\t\t\t\t<div class=\"elementor-widget-container\">\n\t\t\t\t\t\t\t<div class=\"elementor-custom-embed\">\n\t\t\t<iframe loading=\"lazy\"\n\t\t\t\t\tsrc=\"https:\/\/maps.google.com\/maps?q=R.%20Jos%C3%A9%20Martins%20Fernandes%2C%20601&#038;t=m&#038;z=14&#038;output=embed&#038;iwloc=near\"\n\t\t\t\t\ttitle=\"R. Jos\u00e9 Martins Fernandes, 601\"\n\t\t\t\t\taria-label=\"R. Jos\u00e9 Martins Fernandes, 601\"\n\t\t\t><\/iframe>\n\t\t<\/div>\n\t\t\t\t\t\t<\/div>\n\t\t\t\t<\/div>\n\t\t\t\t\t<\/div>\n\t\t<\/div>\n\t\t\t\t\t<\/div>\n\t\t<\/section>\n\t\t\t\t<\/div>\n\t\t","protected":false},"excerpt":{"rendered":"<p>Contact us and find out more about our services. +55 (11) 4810-1174 contato@mtcinternational.com.br Jos\u00e9 Martins Fernandes 601, Street, CL Imigrantes . Galp\u00e3o 15,16,17 e 18 S\u00e3o Bernardo do Campo\u00a0 . SPCEP: 09843-400<\/p>\n","protected":false},"author":7,"featured_media":0,"parent":0,"menu_order":0,"comment_status":"closed","ping_status":"closed","template":"","meta":{"footnotes":""},"class_list":["post-183","page","type-page","status-publish","hentry"],"yoast_head":"<!-- This site is optimized with the Yoast SEO plugin v26.0 - https:\/\/yoast.com\/wordpress\/plugins\/seo\/ -->\n<title>Contact - MTC International<\/title>\n<meta name=\"robots\" content=\"index, follow, max-snippet:-1, max-image-preview:large, max-video-preview:-1\" \/>\n<link rel=\"canonical\" href=\"https:\/\/mtcinternational.com.br\/eng\/contact\/\" \/>\n<meta property=\"og:locale\" content=\"pt_BR\" \/>\n<meta property=\"og:type\" content=\"article\" \/>\n<meta property=\"og:title\" content=\"Contact - MTC International\" \/>\n<meta property=\"og:description\" content=\"Contact us and find out more about our services. +55 (11) 4810-1174 contato@mtcinternational.com.br Jos\u00e9 Martins Fernandes 601, Street, CL Imigrantes . Galp\u00e3o 15,16,17 e 18 S\u00e3o Bernardo do Campo\u00a0 . SPCEP: 09843-400\" \/>\n<meta property=\"og:url\" content=\"https:\/\/mtcinternational.com.br\/eng\/contact\/\" \/>\n<meta property=\"og:site_name\" content=\"MTC International\" \/>\n<meta property=\"article:modified_time\" content=\"2025-09-26T18:18:43+00:00\" \/>\n<meta property=\"og:image\" content=\"https:\/\/mtcinternational.com.br\/eng\/wp-content\/uploads\/2020\/07\/contato-textura2.png\" \/>\n\t<meta property=\"og:image:width\" content=\"125\" \/>\n\t<meta property=\"og:image:height\" content=\"125\" \/>\n\t<meta property=\"og:image:type\" content=\"image\/png\" \/>\n<meta name=\"twitter:card\" content=\"summary_large_image\" \/>\n<meta name=\"twitter:label1\" content=\"Est. tempo de leitura\" \/>\n\t<meta name=\"twitter:data1\" content=\"1 minuto\" \/>\n<script type=\"application\/ld+json\" class=\"yoast-schema-graph\">{\"@context\":\"https:\/\/schema.org\",\"@graph\":[{\"@type\":\"WebPage\",\"@id\":\"https:\/\/mtcinternational.com.br\/eng\/contact\/\",\"url\":\"https:\/\/mtcinternational.com.br\/eng\/contact\/\",\"name\":\"Contact - MTC International\",\"isPartOf\":{\"@id\":\"https:\/\/mtcinternational.com.br\/eng\/#website\"},\"primaryImageOfPage\":{\"@id\":\"https:\/\/mtcinternational.com.br\/eng\/contact\/#primaryimage\"},\"image\":{\"@id\":\"https:\/\/mtcinternational.com.br\/eng\/contact\/#primaryimage\"},\"thumbnailUrl\":\"https:\/\/mtcinternational.com.br\/eng\/wp-content\/uploads\/2020\/07\/contato-textura2.png\",\"datePublished\":\"2020-03-13T21:19:55+00:00\",\"dateModified\":\"2025-09-26T18:18:43+00:00\",\"breadcrumb\":{\"@id\":\"https:\/\/mtcinternational.com.br\/eng\/contact\/#breadcrumb\"},\"inLanguage\":\"pt-BR\",\"potentialAction\":[{\"@type\":\"ReadAction\",\"target\":[\"https:\/\/mtcinternational.com.br\/eng\/contact\/\"]}]},{\"@type\":\"ImageObject\",\"inLanguage\":\"pt-BR\",\"@id\":\"https:\/\/mtcinternational.com.br\/eng\/contact\/#primaryimage\",\"url\":\"https:\/\/mtcinternational.com.br\/eng\/wp-content\/uploads\/2020\/07\/contato-textura2.png\",\"contentUrl\":\"https:\/\/mtcinternational.com.br\/eng\/wp-content\/uploads\/2020\/07\/contato-textura2.png\",\"width\":125,\"height\":125},{\"@type\":\"BreadcrumbList\",\"@id\":\"https:\/\/mtcinternational.com.br\/eng\/contact\/#breadcrumb\",\"itemListElement\":[{\"@type\":\"ListItem\",\"position\":1,\"name\":\"In\u00edcio\",\"item\":\"https:\/\/mtcinternational.com.br\/eng\/\"},{\"@type\":\"ListItem\",\"position\":2,\"name\":\"Contact\"}]},{\"@type\":\"WebSite\",\"@id\":\"https:\/\/mtcinternational.com.br\/eng\/#website\",\"url\":\"https:\/\/mtcinternational.com.br\/eng\/\",\"name\":\"MTC International\",\"description\":\"Desenvolvimento de neg\u00f3cios e Supply Chain internacional.\",\"publisher\":{\"@id\":\"https:\/\/mtcinternational.com.br\/eng\/#organization\"},\"potentialAction\":[{\"@type\":\"SearchAction\",\"target\":{\"@type\":\"EntryPoint\",\"urlTemplate\":\"https:\/\/mtcinternational.com.br\/eng\/?s={search_term_string}\"},\"query-input\":{\"@type\":\"PropertyValueSpecification\",\"valueRequired\":true,\"valueName\":\"search_term_string\"}}],\"inLanguage\":\"pt-BR\"},{\"@type\":\"Organization\",\"@id\":\"https:\/\/mtcinternational.com.br\/eng\/#organization\",\"name\":\"MTC International\",\"url\":\"https:\/\/mtcinternational.com.br\/eng\/\",\"logo\":{\"@type\":\"ImageObject\",\"inLanguage\":\"pt-BR\",\"@id\":\"https:\/\/mtcinternational.com.br\/eng\/#\/schema\/logo\/image\/\",\"url\":\"https:\/\/mtcinternational.com.br\/eng\/wp-content\/uploads\/2020\/07\/cropped-logo-mtc-international.png\",\"contentUrl\":\"https:\/\/mtcinternational.com.br\/eng\/wp-content\/uploads\/2020\/07\/cropped-logo-mtc-international.png\",\"width\":300,\"height\":99,\"caption\":\"MTC International\"},\"image\":{\"@id\":\"https:\/\/mtcinternational.com.br\/eng\/#\/schema\/logo\/image\/\"}}]}<\/script>\n<!-- \/ Yoast SEO plugin. -->","yoast_head_json":{"title":"Contact - MTC International","robots":{"index":"index","follow":"follow","max-snippet":"max-snippet:-1","max-image-preview":"max-image-preview:large","max-video-preview":"max-video-preview:-1"},"canonical":"https:\/\/mtcinternational.com.br\/eng\/contact\/","og_locale":"pt_BR","og_type":"article","og_title":"Contact - MTC International","og_description":"Contact us and find out more about our services. +55 (11) 4810-1174 contato@mtcinternational.com.br Jos\u00e9 Martins Fernandes 601, Street, CL Imigrantes . Galp\u00e3o 15,16,17 e 18 S\u00e3o Bernardo do Campo\u00a0 . SPCEP: 09843-400","og_url":"https:\/\/mtcinternational.com.br\/eng\/contact\/","og_site_name":"MTC International","article_modified_time":"2025-09-26T18:18:43+00:00","og_image":[{"width":125,"height":125,"url":"https:\/\/mtcinternational.com.br\/eng\/wp-content\/uploads\/2020\/07\/contato-textura2.png","type":"image\/png"}],"twitter_card":"summary_large_image","twitter_misc":{"Est. tempo de leitura":"1 minuto"},"schema":{"@context":"https:\/\/schema.org","@graph":[{"@type":"WebPage","@id":"https:\/\/mtcinternational.com.br\/eng\/contact\/","url":"https:\/\/mtcinternational.com.br\/eng\/contact\/","name":"Contact - MTC International","isPartOf":{"@id":"https:\/\/mtcinternational.com.br\/eng\/#website"},"primaryImageOfPage":{"@id":"https:\/\/mtcinternational.com.br\/eng\/contact\/#primaryimage"},"image":{"@id":"https:\/\/mtcinternational.com.br\/eng\/contact\/#primaryimage"},"thumbnailUrl":"https:\/\/mtcinternational.com.br\/eng\/wp-content\/uploads\/2020\/07\/contato-textura2.png","datePublished":"2020-03-13T21:19:55+00:00","dateModified":"2025-09-26T18:18:43+00:00","breadcrumb":{"@id":"https:\/\/mtcinternational.com.br\/eng\/contact\/#breadcrumb"},"inLanguage":"pt-BR","potentialAction":[{"@type":"ReadAction","target":["https:\/\/mtcinternational.com.br\/eng\/contact\/"]}]},{"@type":"ImageObject","inLanguage":"pt-BR","@id":"https:\/\/mtcinternational.com.br\/eng\/contact\/#primaryimage","url":"https:\/\/mtcinternational.com.br\/eng\/wp-content\/uploads\/2020\/07\/contato-textura2.png","contentUrl":"https:\/\/mtcinternational.com.br\/eng\/wp-content\/uploads\/2020\/07\/contato-textura2.png","width":125,"height":125},{"@type":"BreadcrumbList","@id":"https:\/\/mtcinternational.com.br\/eng\/contact\/#breadcrumb","itemListElement":[{"@type":"ListItem","position":1,"name":"In\u00edcio","item":"https:\/\/mtcinternational.com.br\/eng\/"},{"@type":"ListItem","position":2,"name":"Contact"}]},{"@type":"WebSite","@id":"https:\/\/mtcinternational.com.br\/eng\/#website","url":"https:\/\/mtcinternational.com.br\/eng\/","name":"MTC International","description":"Desenvolvimento de neg\u00f3cios e Supply Chain internacional.","publisher":{"@id":"https:\/\/mtcinternational.com.br\/eng\/#organization"},"potentialAction":[{"@type":"SearchAction","target":{"@type":"EntryPoint","urlTemplate":"https:\/\/mtcinternational.com.br\/eng\/?s={search_term_string}"},"query-input":{"@type":"PropertyValueSpecification","valueRequired":true,"valueName":"search_term_string"}}],"inLanguage":"pt-BR"},{"@type":"Organization","@id":"https:\/\/mtcinternational.com.br\/eng\/#organization","name":"MTC International","url":"https:\/\/mtcinternational.com.br\/eng\/","logo":{"@type":"ImageObject","inLanguage":"pt-BR","@id":"https:\/\/mtcinternational.com.br\/eng\/#\/schema\/logo\/image\/","url":"https:\/\/mtcinternational.com.br\/eng\/wp-content\/uploads\/2020\/07\/cropped-logo-mtc-international.png","contentUrl":"https:\/\/mtcinternational.com.br\/eng\/wp-content\/uploads\/2020\/07\/cropped-logo-mtc-international.png","width":300,"height":99,"caption":"MTC International"},"image":{"@id":"https:\/\/mtcinternational.com.br\/eng\/#\/schema\/logo\/image\/"}}]}},"_links":{"self":[{"href":"https:\/\/mtcinternational.com.br\/eng\/wp-json\/wp\/v2\/pages\/183","targetHints":{"allow":["GET"]}}],"collection":[{"href":"https:\/\/mtcinternational.com.br\/eng\/wp-json\/wp\/v2\/pages"}],"about":[{"href":"https:\/\/mtcinternational.com.br\/eng\/wp-json\/wp\/v2\/types\/page"}],"author":[{"embeddable":true,"href":"https:\/\/mtcinternational.com.br\/eng\/wp-json\/wp\/v2\/users\/7"}],"replies":[{"embeddable":true,"href":"https:\/\/mtcinternational.com.br\/eng\/wp-json\/wp\/v2\/comments?post=183"}],"version-history":[{"count":51,"href":"https:\/\/mtcinternational.com.br\/eng\/wp-json\/wp\/v2\/pages\/183\/revisions"}],"predecessor-version":[{"id":1240,"href":"https:\/\/mtcinternational.com.br\/eng\/wp-json\/wp\/v2\/pages\/183\/revisions\/1240"}],"wp:attachment":[{"href":"https:\/\/mtcinternational.com.br\/eng\/wp-json\/wp\/v2\/media?parent=183"}],"curies":[{"name":"wp","href":"https:\/\/api.w.org\/{rel}","templated":true}]}}